{"id":196215,"date":"2026-03-13T08:18:24","date_gmt":"2026-03-13T06:18:24","guid":{"rendered":"https:\/\/lotos-pharma.ee\/?post_type=product&#038;p=196215"},"modified":"2026-03-27T23:33:11","modified_gmt":"2026-03-27T21:33:11","slug":"lotos-premium-curcumin-strong","status":"publish","type":"product","link":"https:\/\/lotos-pharma.ee\/en\/toode\/lotos-premium-curcumin-strong\/","title":{"rendered":"LOTOS PREMIUM Curcumin Strong"},"content":{"rendered":"<p><strong>LOTOS PREMIUM Curcumin Strong N90 <\/strong>sisaldab kurkumi ekstrakti, mis aitab kaasa normaalse vere kolesteroolitaseme s\u00e4ilitamisel, aitab kaasa normaalsele maksafunktsiooni talitlusele ja aitab hoida maksa lipiidide taset normaalsena, samuti toetab normaalset s\u00fcdame ja seedetrakti talitlust ning soodustab isu.<\/p>\n<p>Kurkumi risoomidel on antioks\u00fcdantsed omadused ja need aitavad kaitsta rakke oks\u00fcdatiivse stressi eest. Aitab kaasa immuuns\u00fcsteemi normaalsele talitlusele.<\/p>\n<p>Kurkumi risoomid aitavad hoida luid normaalsena.<\/p>\n<p>Kurkumi risoomid aitavad kaasa n\u00e4rvis\u00fcsteemi normaalsele talitlusele.<\/p>\n<p>Toodetud vastavalt Lotos Pharma GMP (<em>Good Manufacturing Practice<\/em>) kvaliteedis\u00fcsteemile. Ei sisalda geneetiliselt muundatud organisme\u00a0(GMO), laktoosi, gluteeni ega teisi allergeene. Sobib veganitele.<\/p>\n<p>&nbsp;<\/p>\n<table width=\"576\">\n<tbody>\n<tr>\n<td width=\"324\"><strong>Koostisosad ja annused<\/strong><\/td>\n<td width=\"252\"><strong>Soovitatav p\u00e4evane annus<\/strong><strong>(1 kapsel)<\/strong><\/td>\n<\/tr>\n<tr>\n<td width=\"324\">Kurkumi risoomi kuivekstrakt 50:1,sisaldab 95% kurkuminoide,<\/p>\n<p>mis vastab kurkumi risoomi droogile<\/td>\n<td width=\"252\">23,38 mg22,21 mg<\/p>\n<p>1169 mg<\/td>\n<\/tr>\n<\/tbody>\n<\/table>\n<p>&nbsp;<\/p>\n<p><strong>Koostisosad<\/strong>: inuliin (kiudained), hariliku kurkumi (<em>Curcuma longa<\/em>) risoomi kuivekstrakt 50:1 (kurkuminoidid 95%), h\u00fcdroks\u00fcprop\u00fc\u00fclmet\u00fc\u00fcltselluloos (kapslikesta mahuaine), rasvhapete magneesiumisoolad (paakumisvastane aine), raudoksiidid ja -h\u00fcdroksiidid (kapslikesta toiduv\u00e4rv).<\/p>\n<p><strong>Annustamine<\/strong>: soovitatav annus t\u00e4iskasvanutele on 1 kapsel p\u00e4evas seespidiselt. Kasutusaeg 2 kuud, kasutamist v\u00f5ib m\u00f5ne aja p\u00e4rast uuesti alustada.<\/p>\n<p><strong>Hoiatused<\/strong>: \u00fclitundlikkus (allergia) m\u00f5ne koostisosa suhtes; ei ole soovitatav rasedatele ega imetavatele naistele; ei ole soovitatav kasutada sapijuha obstruktsiooni, sapiteede p\u00f5letiku, maksakahjustuste ega sapikivide korral; soovitatav alates 18. eluaastast; mitte \u00fcletada p\u00e4evaseks tarbimiseks soovitatavat kogust; toidulisandit mitte kasutada mitmekesise toitumise asendajana; oluline on toituda mitmek\u00fclgselt ja tasakaalustatult ning harrastada tervislikku elustiili; hoida lastele k\u00e4ttesaamatus kohas.<\/p>\n<p>Hoida toatemperatuuril kuni 25\u00a0\u00b0C originaalpakendis, otsese p\u00e4ikesevalguse eest kaitstult.<\/p>\n<p><strong>Netokogus:<\/strong>\u00a0 46,56 g<\/p>\n<p><strong>Tootja ja turustaja:<\/strong> Lotos Pharma Ltd, Plienciema 16, Marupe, Marupe maakond, LV-2167 L\u00e4ti.<\/p>\n<p><strong>P\u00e4ritoluriik:<\/strong> L\u00e4ti, Euroopa Liit.<\/p>\n","protected":false},"excerpt":{"rendered":"<p><strong>LOTOS PREMIUM Curcumin Strong N90 <\/strong>sisaldab kurkumi ekstrakti, mis aitab kaasa normaalse vere kolesteroolitaseme s\u00e4ilitamisel, aitab kaasa normaalsele maksafunktsiooni talitlusele ja aitab hoida maksa lipiidide taset normaalsena, samuti toetab normaalset s\u00fcdame ja seedetrakti talitlust ning soodustab isu. Kurkumi risoomidel on antioks\u00fcdantsed omadused ja need aitavad kaitsta rakke oks\u00fcdatiivse stressi eest. Aitab kaasa immuuns\u00fcsteemi normaalsele talitlusele. Kurkumi risoomid aitavad hoida luid normaalsena. Kurkumi risoomid aitavad kaasa n\u00e4rvis\u00fcsteemi normaalsele talitlusele. Toodetud vastavalt Lotos Pharma GMP (<em>Good Manufacturing Practice<\/em>) kvaliteedis\u00fcsteemile. Ei sisalda geneetiliselt muundatud organisme\u00a0(GMO), laktoosi, gluteeni ega teisi allergeene. Sobib veganitele.<\/p>\n","protected":false},"featured_media":205156,"comment_status":"open","ping_status":"closed","template":"","meta":{"iawp_total_views":4},"product_brand":[],"product_cat":[244,228,239,282],"product_tag":[],"class_list":{"0":"post-196215","1":"product","2":"type-product","3":"status-publish","4":"has-post-thumbnail","6":"product_cat-cholesterol-levels-cardiovascular-health-en","7":"product_cat-immune-system-support-en","8":"product_cat-lotos-premium-en","9":"product_cat-supplements-for-stress-anxiety-en","11":"first","12":"instock","13":"sale","14":"taxable","15":"shipping-taxable","16":"purchasable","17":"product-type-simple"},"_links":{"self":[{"href":"https:\/\/lotos-pharma.ee\/en\/wp-json\/wp\/v2\/product\/196215","targetHints":{"allow":["GET"]}}],"collection":[{"href":"https:\/\/lotos-pharma.ee\/en\/wp-json\/wp\/v2\/product"}],"about":[{"href":"https:\/\/lotos-pharma.ee\/en\/wp-json\/wp\/v2\/types\/product"}],"replies":[{"embeddable":true,"href":"https:\/\/lotos-pharma.ee\/en\/wp-json\/wp\/v2\/comments?post=196215"}],"version-history":[{"count":1,"href":"https:\/\/lotos-pharma.ee\/en\/wp-json\/wp\/v2\/product\/196215\/revisions"}],"predecessor-version":[{"id":196216,"href":"https:\/\/lotos-pharma.ee\/en\/wp-json\/wp\/v2\/product\/196215\/revisions\/196216"}],"wp:featuredmedia":[{"embeddable":true,"href":"https:\/\/lotos-pharma.ee\/en\/wp-json\/wp\/v2\/media\/205156"}],"wp:attachment":[{"href":"https:\/\/lotos-pharma.ee\/en\/wp-json\/wp\/v2\/media?parent=196215"}],"wp:term":[{"taxonomy":"product_brand","embeddable":true,"href":"https:\/\/lotos-pharma.ee\/en\/wp-json\/wp\/v2\/product_brand?post=196215"},{"taxonomy":"product_cat","embeddable":true,"href":"https:\/\/lotos-pharma.ee\/en\/wp-json\/wp\/v2\/product_cat?post=196215"},{"taxonomy":"product_tag","embeddable":true,"href":"https:\/\/lotos-pharma.ee\/en\/wp-json\/wp\/v2\/product_tag?post=196215"}],"curies":[{"name":"wp","href":"https:\/\/api.w.org\/{rel}","templated":true}]}}