{"id":190986,"date":"2024-09-20T19:04:18","date_gmt":"2024-09-20T17:04:18","guid":{"rendered":"https:\/\/lotos-pharma.ee\/?post_type=product&#038;p=190986"},"modified":"2025-12-15T11:42:14","modified_gmt":"2025-12-15T09:42:14","slug":"fitodroga-body-cream","status":"publish","type":"product","link":"https:\/\/lotos-pharma.ee\/en\/toode\/fitodroga-body-cream\/","title":{"rendered":"FITODROGA Body Cream"},"content":{"rendered":"\t\t<div data-elementor-type=\"product-post\" data-elementor-id=\"190986\" class=\"elementor elementor-190986 elementor-177202\" data-elementor-post-type=\"product\">\n\t\t\t\t<div class=\"wd-negative-gap elementor-element elementor-element-2ecac55e e-flex e-con-boxed e-con e-parent\" data-id=\"2ecac55e\" data-element_type=\"container\">\n\t\t\t\t\t<div class=\"e-con-inner\">\n\t\t\t\t<div class=\"elementor-element elementor-element-20eb5535 color-scheme-inherit text-left elementor-widget elementor-widget-text-editor\" data-id=\"20eb5535\" data-element_type=\"widget\" data-widget_type=\"text-editor.default\">\n\t\t\t\t\t\t\t\t\t<div class=\"flex-1 overflow-hidden\"><div class=\"h-full\"><div class=\"react-scroll-to-bottom--css-weqof-79elbk h-full\"><div class=\"react-scroll-to-bottom--css-weqof-1n7m0yu\"><div class=\"flex flex-col text-sm md:pb-9\"><div class=\"w-full text-token-text-primary\" dir=\"auto\" data-testid=\"conversation-turn-3\" data-scroll-anchor=\"true\"><div class=\"py-2 juice:py-[18px] px-3 text-base md:px-4 m-auto md:px-5 lg:px-1 xl:px-5\"><div class=\"mx-auto flex flex-1 gap-3 text-base juice:gap-4 juice:md:gap-5 juice:lg:gap-6 md:max-w-3xl lg:max-w-[40rem] xl:max-w-[48rem]\"><div class=\"group\/conversation-turn relative flex w-full min-w-0 flex-col agent-turn\"><div class=\"flex-col gap-1 md:gap-3\"><div class=\"flex flex-grow flex-col max-w-full\"><div class=\"min-h-[20px] text-message flex flex-col items-start whitespace-pre-wrap break-words [.text-message+&amp;]:mt-5 juice:w-full juice:items-end overflow-x-auto gap-2\" dir=\"auto\" data-message-author-role=\"assistant\" data-message-id=\"d78f370a-ff83-42a3-b845-42f5972f5ad4\"><div class=\"flex w-full flex-col gap-1 juice:empty:hidden juice:first:pt-[3px]\"><div class=\"markdown prose w-full break-words dark:prose-invert light\"><p>Kerge tekstuuriga kehakreem sheav\u00f5i ja oliiviskvalaaniga. Kreem sisaldab patenteeritud taimsete vahade kompleksi, mis leevendab \u00e4rritunud nahka. Taimne toimeaine tagab pikaajalise ja s\u00fcgava niisutuse. Kreem levib kergesti ja imendub kiiresti. Dermatoloogiliselt testitud.<br data-start=\"305\" data-end=\"308\" \/><strong data-start=\"308\" data-end=\"323\">Kasutamine:<\/strong> Kanda puhtale nahale. Sobib igap\u00e4evaseks kasutamiseks.<\/p><p>Pudel: 250 ml.<\/p><\/div><\/div><\/div><\/div><\/div><\/div><\/div><\/div><\/div><\/div><\/div><\/div><\/div><\/div>\t\t\t\t\t\t\t\t<\/div>\n\t\t\t\t<div class=\"elementor-element elementor-element-3972524 color-scheme-inherit text-left elementor-widget elementor-widget-text-editor\" data-id=\"3972524\" data-element_type=\"widget\" data-widget_type=\"text-editor.default\">\n\t\t\t\t\t\t\t\t\t<div class=\"flex-1 overflow-hidden\"><div class=\"h-full\"><div class=\"react-scroll-to-bottom--css-weqof-79elbk h-full\"><div class=\"react-scroll-to-bottom--css-weqof-1n7m0yu\"><div class=\"flex flex-col text-sm md:pb-9\"><div class=\"w-full text-token-text-primary\" dir=\"auto\" data-testid=\"conversation-turn-3\" data-scroll-anchor=\"true\"><div class=\"py-2 juice:py-[18px] px-3 text-base md:px-4 m-auto md:px-5 lg:px-1 xl:px-5\"><div class=\"mx-auto flex flex-1 gap-3 text-base juice:gap-4 juice:md:gap-5 juice:lg:gap-6 md:max-w-3xl lg:max-w-[40rem] xl:max-w-[48rem]\"><div class=\"group\/conversation-turn relative flex w-full min-w-0 flex-col agent-turn\"><div class=\"flex-col gap-1 md:gap-3\"><div class=\"flex flex-grow flex-col max-w-full\"><div class=\"min-h-[20px] text-message flex flex-col items-start whitespace-pre-wrap break-words [.text-message+&amp;]:mt-5 juice:w-full juice:items-end overflow-x-auto gap-2\" dir=\"auto\" data-message-author-role=\"assistant\" data-message-id=\"d78f370a-ff83-42a3-b845-42f5972f5ad4\"><div class=\"flex w-full flex-col gap-1 juice:empty:hidden juice:first:pt-[3px]\"><div class=\"markdown prose w-full break-words dark:prose-invert light\"><p><strong>Koostisosad:<\/strong> Aqua, Isoamyl Laurate*, Glycerin, Cetearyl Alcohol*, Glyceryl Stearate Citrate*, Caprylic\/Capric Triglyceride*, Butyrospermum Parkii (Shea) Butter*, Squalane, Saccharide Isomerate*, Glyceryl Caprylate*, Tocopheryl Acetate, Spent Grain Wax*, Argania Spinosa Kernel Oil*, Butyrospermum Parkii (Shea) Butter Extract*, Tocopherol, Parfum, Sodium Polyacrylate, Caprylyl Glycol, Phenoxyethanol, Ethylhexylglycerin, Xanthan Gum*, Sodium Citrate, Citric Acid<\/p><p>*COSMOS; ECOCERT approved raw materials<\/p><\/div><\/div><\/div><\/div><\/div><\/div><\/div><\/div><\/div><\/div><\/div><\/div><\/div><\/div>\t\t\t\t\t\t\t\t<\/div>\n\t\t\t\t\t<\/div>\n\t\t\t\t<\/div>\n\t\t\t\t<\/div>\n\t\t","protected":false},"excerpt":{"rendered":"<div class=\"flex-shrink-0 flex flex-col relative items-end\">\n<div class=\"pt-0.5 juice:pt-0\">\n<div class=\"gizmo-shadow-stroke flex h-6 w-6 items-center justify-center overflow-hidden rounded-full juice:h-8 juice:w-8\">\n<div class=\"h-6 w-6 juice:h-full juice:w-full\">\n<div class=\"gizmo-shadow-stroke overflow-hidden rounded-full\">The cream has a light texture, absorbs quickly, and does not leave the skin feeling sticky. Dermatologically tested.<\/div>\n<div class=\"gizmo-shadow-stroke overflow-hidden rounded-full\"><\/div>\n<\/div>\n<\/div>\n<\/div>\n<\/div>\n","protected":false},"featured_media":190969,"comment_status":"open","ping_status":"closed","template":"","meta":{"iawp_total_views":2},"product_brand":[],"product_cat":[134],"product_tag":[],"class_list":{"0":"post-190986","1":"product","2":"type-product","3":"status-publish","4":"has-post-thumbnail","6":"product_cat-fitodroga-en","8":"first","9":"instock","10":"sale","11":"taxable","12":"shipping-taxable","13":"purchasable","14":"product-type-simple"},"_links":{"self":[{"href":"https:\/\/lotos-pharma.ee\/en\/wp-json\/wp\/v2\/product\/190986","targetHints":{"allow":["GET"]}}],"collection":[{"href":"https:\/\/lotos-pharma.ee\/en\/wp-json\/wp\/v2\/product"}],"about":[{"href":"https:\/\/lotos-pharma.ee\/en\/wp-json\/wp\/v2\/types\/product"}],"replies":[{"embeddable":true,"href":"https:\/\/lotos-pharma.ee\/en\/wp-json\/wp\/v2\/comments?post=190986"}],"version-history":[{"count":2,"href":"https:\/\/lotos-pharma.ee\/en\/wp-json\/wp\/v2\/product\/190986\/revisions"}],"predecessor-version":[{"id":190991,"href":"https:\/\/lotos-pharma.ee\/en\/wp-json\/wp\/v2\/product\/190986\/revisions\/190991"}],"wp:featuredmedia":[{"embeddable":true,"href":"https:\/\/lotos-pharma.ee\/en\/wp-json\/wp\/v2\/media\/190969"}],"wp:attachment":[{"href":"https:\/\/lotos-pharma.ee\/en\/wp-json\/wp\/v2\/media?parent=190986"}],"wp:term":[{"taxonomy":"product_brand","embeddable":true,"href":"https:\/\/lotos-pharma.ee\/en\/wp-json\/wp\/v2\/product_brand?post=190986"},{"taxonomy":"product_cat","embeddable":true,"href":"https:\/\/lotos-pharma.ee\/en\/wp-json\/wp\/v2\/product_cat?post=190986"},{"taxonomy":"product_tag","embeddable":true,"href":"https:\/\/lotos-pharma.ee\/en\/wp-json\/wp\/v2\/product_tag?post=190986"}],"curies":[{"name":"wp","href":"https:\/\/api.w.org\/{rel}","templated":true}]}}